{"id":3195,"date":"2024-07-25T16:43:06","date_gmt":"2024-07-25T14:43:06","guid":{"rendered":"https:\/\/www.ferienwohnungen-fischbachau.de\/?page_id=3195"},"modified":"2024-07-25T16:46:18","modified_gmt":"2024-07-25T14:46:18","slug":"fba06-breitenstein-360-galerie","status":"publish","type":"page","link":"https:\/\/www.ferienwohnungen-fischbachau.de\/en\/fba06-breitenstein-360-galerie\/","title":{"rendered":"FBA06 &#8211; Breitenstein \/ 360\u00b0 Galerie"},"content":{"rendered":"<p>&nbsp;<\/p>\n<div class=\"row\">\n<div class=\"col-md-6\">\n\t\t<div class=\"dimage-360-area\" id=\"dtcontainer_1\"><\/div>\r\n\t\t<script>\r\n\t\tvar div = document.getElementById('dtcontainer_1');\r\n\t\tvar PSV = new PhotoSphereViewer({\r\n\t\t\t\tpanorama: 'https:\/\/www.ferienwohnungen-fischbachau.de\/wp-content\/uploads\/2024\/07\/FBA06-360-Flur-scaled.jpg',\r\n\t\t\t\tcontainer: div,\r\n\t\t\t\tdefault_position: {long: 0\/60},\r\n\t\t\t\ttime_anim: 1000,\r\n\t\t\t\tnavbar: true,\r\n\t\t\t\tallow_scroll_to_zoom: false,\r\n\t\t\t\tzoom_level: 0,\r\n\t\t\t\tanim_speed: '2rpm',\r\n\t\t\t\tnavbar_style: {\r\n\t\t\t\t\tbackgroundColor: 'rgba(58, 67, 77, 0.7)'\r\n\t\t\t\t},\t\t\r\n\t\t\t});\r\n\t\t<\/script>   \r\n\t\t\n<p style=\"text-align: center\">Eingangsbereich<\/p>\n<\/div>\n<div class=\"col-md-6\">\n\t\t<div class=\"dimage-360-area\" id=\"dtcontainer_2\"><\/div>\r\n\t\t<script>\r\n\t\tvar div = document.getElementById('dtcontainer_2');\r\n\t\tvar PSV = new PhotoSphereViewer({\r\n\t\t\t\tpanorama: 'https:\/\/www.ferienwohnungen-fischbachau.de\/wp-content\/uploads\/2024\/07\/FBA06-360-Balkon-scaled.jpg',\r\n\t\t\t\tcontainer: div,\r\n\t\t\t\tdefault_position: {long: 0\/60},\r\n\t\t\t\ttime_anim: false,\r\n\t\t\t\tnavbar: true,\r\n\t\t\t\tallow_scroll_to_zoom: false,\r\n\t\t\t\tzoom_level: 0,\r\n\t\t\t\tanim_speed: '2rpm',\r\n\t\t\t\tnavbar_style: {\r\n\t\t\t\t\tbackgroundColor: 'rgba(58, 67, 77, 0.7)'\r\n\t\t\t\t},\t\t\r\n\t\t\t});\r\n\t\t<\/script>   \r\n\t\t\n<p style=\"text-align: center\">balcony<\/p>\n<\/div>\n<div class=\"col-md-6\">\n\t\t<div class=\"dimage-360-area\" id=\"dtcontainer_3\"><\/div>\r\n\t\t<script>\r\n\t\tvar div = document.getElementById('dtcontainer_3');\r\n\t\tvar PSV = new PhotoSphereViewer({\r\n\t\t\t\tpanorama: 'https:\/\/www.ferienwohnungen-fischbachau.de\/wp-content\/uploads\/2024\/07\/FBA06-360-Kueche-scaled.jpg',\r\n\t\t\t\tcontainer: div,\r\n\t\t\t\tdefault_position: {long: 0\/60},\r\n\t\t\t\ttime_anim: false,\r\n\t\t\t\tnavbar: true,\r\n\t\t\t\tallow_scroll_to_zoom: false,\r\n\t\t\t\tzoom_level: 0,\r\n\t\t\t\tanim_speed: '2rpm',\r\n\t\t\t\tnavbar_style: {\r\n\t\t\t\t\tbackgroundColor: 'rgba(58, 67, 77, 0.7)'\r\n\t\t\t\t},\t\t\r\n\t\t\t});\r\n\t\t<\/script>   \r\n\t\t\n<p style=\"text-align: center\">K\u00fcche<\/p>\n<\/div>\n<div class=\"col-md-6\">\n\t\t<div class=\"dimage-360-area\" id=\"dtcontainer_4\"><\/div>\r\n\t\t<script>\r\n\t\tvar div = document.getElementById('dtcontainer_4');\r\n\t\tvar PSV = new PhotoSphereViewer({\r\n\t\t\t\tpanorama: 'https:\/\/www.ferienwohnungen-fischbachau.de\/wp-content\/uploads\/2024\/07\/FBA06-360-Esszimmer-scaled.jpg',\r\n\t\t\t\tcontainer: div,\r\n\t\t\t\tdefault_position: {long: 0\/60},\r\n\t\t\t\ttime_anim: 1000,\r\n\t\t\t\tnavbar: true,\r\n\t\t\t\tallow_scroll_to_zoom: false,\r\n\t\t\t\tzoom_level: 0,\r\n\t\t\t\tanim_speed: '2rpm',\r\n\t\t\t\tnavbar_style: {\r\n\t\t\t\t\tbackgroundColor: 'rgba(58, 67, 77, 0.7)'\r\n\t\t\t\t},\t\t\r\n\t\t\t});\r\n\t\t<\/script>   \r\n\t\t\n<p style=\"text-align: center\">Essbereich<\/p>\n<\/div>\n<div class=\"col-md-6\">\n\t\t<div class=\"dimage-360-area\" id=\"dtcontainer_5\"><\/div>\r\n\t\t<script>\r\n\t\tvar div = document.getElementById('dtcontainer_5');\r\n\t\tvar PSV = new PhotoSphereViewer({\r\n\t\t\t\tpanorama: 'https:\/\/www.ferienwohnungen-fischbachau.de\/wp-content\/uploads\/2024\/07\/FBA06-360-SZ-lila-1DB-scaled.jpg',\r\n\t\t\t\tcontainer: div,\r\n\t\t\t\tdefault_position: {long: 0\/60},\r\n\t\t\t\ttime_anim: 1000,\r\n\t\t\t\tnavbar: true,\r\n\t\t\t\tallow_scroll_to_zoom: false,\r\n\t\t\t\tzoom_level: 0,\r\n\t\t\t\tanim_speed: '2rpm',\r\n\t\t\t\tnavbar_style: {\r\n\t\t\t\t\tbackgroundColor: 'rgba(58, 67, 77, 0.7)'\r\n\t\t\t\t},\t\t\r\n\t\t\t});\r\n\t\t<\/script>   \r\n\t\t\n<p style=\"text-align: center\">Schlafzimmer lila (Doppelbett)<\/p>\n<\/div>\n<div class=\"col-md-6\">\n\t\t<div class=\"dimage-360-area\" id=\"dtcontainer_6\"><\/div>\r\n\t\t<script>\r\n\t\tvar div = document.getElementById('dtcontainer_6');\r\n\t\tvar PSV = new PhotoSphereViewer({\r\n\t\t\t\tpanorama: 'https:\/\/www.ferienwohnungen-fischbachau.de\/wp-content\/uploads\/2024\/07\/FBA06-360-SZ-lila-1DB-SC-scaled.jpg',\r\n\t\t\t\tcontainer: div,\r\n\t\t\t\tdefault_position: {long: 0\/60},\r\n\t\t\t\ttime_anim: false,\r\n\t\t\t\tnavbar: true,\r\n\t\t\t\tallow_scroll_to_zoom: false,\r\n\t\t\t\tzoom_level: 0,\r\n\t\t\t\tanim_speed: '2rpm',\r\n\t\t\t\tnavbar_style: {\r\n\t\t\t\t\tbackgroundColor: 'rgba(58, 67, 77, 0.7)'\r\n\t\t\t\t},\t\t\r\n\t\t\t});\r\n\t\t<\/script>   \r\n\t\t\n<p style=\"text-align: center\">Schlafzimmer lila (Doppelbett + Schlafsofa)<\/p>\n<\/div>\n<div class=\"col-md-6\">\n\t\t<div class=\"dimage-360-area\" id=\"dtcontainer_7\"><\/div>\r\n\t\t<script>\r\n\t\tvar div = document.getElementById('dtcontainer_7');\r\n\t\tvar PSV = new PhotoSphereViewer({\r\n\t\t\t\tpanorama: 'https:\/\/www.ferienwohnungen-fischbachau.de\/wp-content\/uploads\/2024\/07\/FBA06-360-SZ-lila-2EB-scaled.jpg',\r\n\t\t\t\tcontainer: div,\r\n\t\t\t\tdefault_position: {long: 0\/60},\r\n\t\t\t\ttime_anim: false,\r\n\t\t\t\tnavbar: true,\r\n\t\t\t\tallow_scroll_to_zoom: false,\r\n\t\t\t\tzoom_level: 0,\r\n\t\t\t\tanim_speed: '2rpm',\r\n\t\t\t\tnavbar_style: {\r\n\t\t\t\t\tbackgroundColor: 'rgba(58, 67, 77, 0.7)'\r\n\t\t\t\t},\t\t\r\n\t\t\t});\r\n\t\t<\/script>   \r\n\t\t\n<p style=\"text-align: center\">Schlafzimmer lila (Einzelbetten)<\/p>\n<\/div>\n<div class=\"col-md-6\">\n\t\t<div class=\"dimage-360-area\" id=\"dtcontainer_8\"><\/div>\r\n\t\t<script>\r\n\t\tvar div = document.getElementById('dtcontainer_8');\r\n\t\tvar PSV = new PhotoSphereViewer({\r\n\t\t\t\tpanorama: 'https:\/\/www.ferienwohnungen-fischbachau.de\/wp-content\/uploads\/2024\/07\/FBA06-360-SZ-gruen-1DB-scaled.jpg',\r\n\t\t\t\tcontainer: div,\r\n\t\t\t\tdefault_position: {long: 0\/60},\r\n\t\t\t\ttime_anim: 1000,\r\n\t\t\t\tnavbar: true,\r\n\t\t\t\tallow_scroll_to_zoom: false,\r\n\t\t\t\tzoom_level: 0,\r\n\t\t\t\tanim_speed: '2rpm',\r\n\t\t\t\tnavbar_style: {\r\n\t\t\t\t\tbackgroundColor: 'rgba(58, 67, 77, 0.7)'\r\n\t\t\t\t},\t\t\r\n\t\t\t});\r\n\t\t<\/script>   \r\n\t\t\n<p style=\"text-align: center\">Schlafzimmer gr\u00fcn (Doppelbett)<\/p>\n<\/div>\n<div class=\"col-md-6\">\n\t\t<div class=\"dimage-360-area\" id=\"dtcontainer_9\"><\/div>\r\n\t\t<script>\r\n\t\tvar div = document.getElementById('dtcontainer_9');\r\n\t\tvar PSV = new PhotoSphereViewer({\r\n\t\t\t\tpanorama: 'https:\/\/www.ferienwohnungen-fischbachau.de\/wp-content\/uploads\/2024\/07\/FBA06-360-SZ-gruen-2EB-SC-scaled.jpg',\r\n\t\t\t\tcontainer: div,\r\n\t\t\t\tdefault_position: {long: 0\/60},\r\n\t\t\t\ttime_anim: 1000,\r\n\t\t\t\tnavbar: true,\r\n\t\t\t\tallow_scroll_to_zoom: false,\r\n\t\t\t\tzoom_level: 0,\r\n\t\t\t\tanim_speed: '2rpm',\r\n\t\t\t\tnavbar_style: {\r\n\t\t\t\t\tbackgroundColor: 'rgba(58, 67, 77, 0.7)'\r\n\t\t\t\t},\t\t\r\n\t\t\t});\r\n\t\t<\/script>   \r\n\t\t\n<p style=\"text-align: center\">Schlafzimmer gr\u00fcn (Einzelbetten + Schlafsofa)<\/p>\n<\/div>\n<div class=\"col-md-6\">\n\t\t<div class=\"dimage-360-area\" id=\"dtcontainer_10\"><\/div>\r\n\t\t<script>\r\n\t\tvar div = document.getElementById('dtcontainer_10');\r\n\t\tvar PSV = new PhotoSphereViewer({\r\n\t\t\t\tpanorama: 'https:\/\/www.ferienwohnungen-fischbachau.de\/wp-content\/uploads\/2024\/07\/FBA06-360-SZ-gruen-2EB-scaled.jpg',\r\n\t\t\t\tcontainer: div,\r\n\t\t\t\tdefault_position: {long: 0\/60},\r\n\t\t\t\ttime_anim: false,\r\n\t\t\t\tnavbar: true,\r\n\t\t\t\tallow_scroll_to_zoom: false,\r\n\t\t\t\tzoom_level: 0,\r\n\t\t\t\tanim_speed: '2rpm',\r\n\t\t\t\tnavbar_style: {\r\n\t\t\t\t\tbackgroundColor: 'rgba(58, 67, 77, 0.7)'\r\n\t\t\t\t},\t\t\r\n\t\t\t});\r\n\t\t<\/script>   \r\n\t\t\n<p style=\"text-align: center\">Schlafzimmer gr\u00fcn (Einzelbetten)<\/p>\n<\/div>\n<div class=\"col-md-6\">\n\t\t<div class=\"dimage-360-area\" id=\"dtcontainer_11\"><\/div>\r\n\t\t<script>\r\n\t\tvar div = document.getElementById('dtcontainer_11');\r\n\t\tvar PSV = new PhotoSphereViewer({\r\n\t\t\t\tpanorama: 'https:\/\/www.ferienwohnungen-fischbachau.de\/wp-content\/uploads\/2024\/07\/FBA06-360-Bad-scaled.jpg',\r\n\t\t\t\tcontainer: div,\r\n\t\t\t\tdefault_position: {long: 0\/60},\r\n\t\t\t\ttime_anim: false,\r\n\t\t\t\tnavbar: true,\r\n\t\t\t\tallow_scroll_to_zoom: false,\r\n\t\t\t\tzoom_level: 0,\r\n\t\t\t\tanim_speed: '2rpm',\r\n\t\t\t\tnavbar_style: {\r\n\t\t\t\t\tbackgroundColor: 'rgba(58, 67, 77, 0.7)'\r\n\t\t\t\t},\t\t\r\n\t\t\t});\r\n\t\t<\/script>   \r\n\t\t\n<p style=\"text-align: center\">bathroom<\/p>\n<\/div>\n<\/div>","protected":false},"excerpt":{"rendered":"<p>&nbsp; Eingangsbereich Balkon K\u00fcche Essbereich Schlafzimmer lila (Doppelbett) Schlafzimmer lila (Doppelbett + Schlafsofa) Schlafzimmer lila (Einzelbetten) Schlafzimmer gr\u00fcn (Doppelbett) Schlafzimmer gr\u00fcn (Einzelbetten + Schlafsofa) Schlafzimmer gr\u00fcn (Einzelbetten) Bad<\/p>","protected":false},"author":2,"featured_media":0,"parent":0,"menu_order":0,"comment_status":"closed","ping_status":"closed","template":"","meta":{"footnotes":""},"class_list":["post-3195","page","type-page","status-publish","hentry"],"aioseo_notices":[],"_links":{"self":[{"href":"https:\/\/www.ferienwohnungen-fischbachau.de\/en\/wp-json\/wp\/v2\/pages\/3195","targetHints":{"allow":["GET"]}}],"collection":[{"href":"https:\/\/www.ferienwohnungen-fischbachau.de\/en\/wp-json\/wp\/v2\/pages"}],"about":[{"href":"https:\/\/www.ferienwohnungen-fischbachau.de\/en\/wp-json\/wp\/v2\/types\/page"}],"author":[{"embeddable":true,"href":"https:\/\/www.ferienwohnungen-fischbachau.de\/en\/wp-json\/wp\/v2\/users\/2"}],"replies":[{"embeddable":true,"href":"https:\/\/www.ferienwohnungen-fischbachau.de\/en\/wp-json\/wp\/v2\/comments?post=3195"}],"version-history":[{"count":10,"href":"https:\/\/www.ferienwohnungen-fischbachau.de\/en\/wp-json\/wp\/v2\/pages\/3195\/revisions"}],"predecessor-version":[{"id":3216,"href":"https:\/\/www.ferienwohnungen-fischbachau.de\/en\/wp-json\/wp\/v2\/pages\/3195\/revisions\/3216"}],"wp:attachment":[{"href":"https:\/\/www.ferienwohnungen-fischbachau.de\/en\/wp-json\/wp\/v2\/media?parent=3195"}],"curies":[{"name":"wp","href":"https:\/\/api.w.org\/{rel}","templated":true}]}}